{"id":907,"date":"2022-07-16T11:45:59","date_gmt":"2022-07-16T09:45:59","guid":{"rendered":"http:\/\/cfrestauration.com\/?page_id=907"},"modified":"2022-07-16T11:47:54","modified_gmt":"2022-07-16T09:47:54","slug":"demande-de-devis-assistance-technique","status":"publish","type":"page","link":"https:\/\/cfrestauration.com\/index.php\/demande-de-devis-assistance-technique\/","title":{"rendered":"Demande de devis ASSISTANCE TECHNIQUE"},"content":{"rendered":"\t\t<div data-elementor-type=\"wp-post\" data-elementor-id=\"907\" class=\"elementor elementor-907\">\n\t\t\t\t\t\t\t\t\t<section class=\"elementor-section elementor-top-section elementor-element elementor-element-wjtnaha elementor-section-height-min-height elementor-section-boxed elementor-section-height-default elementor-section-items-middle\" data-id=\"wjtnaha\" data-element_type=\"section\" data-settings=\"{&quot;background_background&quot;:&quot;classic&quot;}\">\n\t\t\t\t\t\t\t<div class=\"elementor-background-overlay\"><\/div>\n\t\t\t\t\t\t\t<div class=\"elementor-container elementor-column-gap-default\">\n\t\t\t\t\t<div class=\"elementor-column elementor-col-100 elementor-top-column elementor-element elementor-element-rrzpsbl\" data-id=\"rrzpsbl\" data-element_type=\"column\">\n\t\t\t<div class=\"elementor-widget-wrap elementor-element-populated\">\n\t\t\t\t\t\t\t\t<div class=\"elementor-element elementor-element-wqtjnjo elementor-widget elementor-widget-heading\" data-id=\"wqtjnjo\" data-element_type=\"widget\" data-widget_type=\"heading.default\">\n\t\t\t\t<div class=\"elementor-widget-container\">\n\t\t\t<style>\/*! elementor - v3.6.8 - 27-07-2022 *\/\n.elementor-heading-title{padding:0;margin:0;line-height:1}.elementor-widget-heading .elementor-heading-title[class*=elementor-size-]>a{color:inherit;font-size:inherit;line-height:inherit}.elementor-widget-heading .elementor-heading-title.elementor-size-small{font-size:15px}.elementor-widget-heading .elementor-heading-title.elementor-size-medium{font-size:19px}.elementor-widget-heading .elementor-heading-title.elementor-size-large{font-size:29px}.elementor-widget-heading .elementor-heading-title.elementor-size-xl{font-size:39px}.elementor-widget-heading .elementor-heading-title.elementor-size-xxl{font-size:59px}<\/style><h1 class=\"elementor-heading-title elementor-size-default\">votre demande<\/h1>\t\t<\/div>\n\t\t\t\t<\/div>\n\t\t\t\t<div class=\"elementor-element elementor-element-wurqgro elementor-widget elementor-widget-heading\" data-id=\"wurqgro\" data-element_type=\"widget\" data-widget_type=\"heading.default\">\n\t\t\t\t<div class=\"elementor-widget-container\">\n\t\t\t<h2 class=\"elementor-heading-title elementor-size-default\">la meilleure solution pour vos objectifs<\/h2>\t\t<\/div>\n\t\t\t\t<\/div>\n\t\t\t\t\t<\/div>\n\t\t<\/div>\n\t\t\t\t\t\t\t<\/div>\n\t\t<\/section>\n\t\t\t\t<section class=\"elementor-section elementor-top-section elementor-element elementor-element-08ac0bf elementor-section-boxed elementor-section-height-default elementor-section-height-default\" data-id=\"08ac0bf\" data-element_type=\"section\" data-settings=\"{&quot;background_background&quot;:&quot;classic&quot;}\">\n\t\t\t\t\t\t<div class=\"elementor-container elementor-column-gap-default\">\n\t\t\t\t\t<div class=\"elementor-column elementor-col-100 elementor-top-column elementor-element elementor-element-1479332\" data-id=\"1479332\" data-element_type=\"column\">\n\t\t\t<div class=\"elementor-widget-wrap elementor-element-populated\">\n\t\t\t\t\t\t\t\t<div class=\"elementor-element elementor-element-86aa242 elementor-widget elementor-widget-spacer\" data-id=\"86aa242\" data-element_type=\"widget\" data-widget_type=\"spacer.default\">\n\t\t\t\t<div class=\"elementor-widget-container\">\n\t\t\t<style>\/*! elementor - v3.6.8 - 27-07-2022 *\/\n.e-container.e-container--row .elementor-spacer-inner{width:var(--spacer-size)}.e-container.e-container--column .elementor-spacer-inner,.elementor-column .elementor-spacer-inner{height:var(--spacer-size)}<\/style>\t\t<div class=\"elementor-spacer\">\n\t\t\t<div class=\"elementor-spacer-inner\"><\/div>\n\t\t<\/div>\n\t\t\t\t<\/div>\n\t\t\t\t<\/div>\n\t\t\t\t<div class=\"elementor-element elementor-element-989a6a0 eael-wpforms-labels-yes eael-wpforms-form-button-custom elementor-widget elementor-widget-eael-wpforms\" data-id=\"989a6a0\" data-element_type=\"widget\" data-widget_type=\"eael-wpforms.default\">\n\t\t\t\t<div class=\"elementor-widget-container\">\n\t\t\t            <div class=\"eael-contact-form eael-wpforms eael-custom-radio-checkbox eael-contact-form-align-default\">\n                                <div class=\"wpforms-container wpforms-container-full\" id=\"wpforms-904\"><form id=\"wpforms-form-904\" class=\"wpforms-validate wpforms-form wpforms-ajax-form\" data-formid=\"904\" method=\"post\" enctype=\"multipart\/form-data\" action=\"\/index.php\/wp-json\/wp\/v2\/pages\/907\" data-token=\"6c4b963a39cb87d2cbfb5b593fc7067c\"><div class=\"wpforms-head-container\"><\/div><noscript class=\"wpforms-error-noscript\">Please enable JavaScript in your browser to complete this form.<\/noscript><div class=\"wpforms-field-container\"><div id=\"wpforms-904-field_0-container\" class=\"wpforms-field wpforms-field-name\" data-field-id=\"0\"><label class=\"wpforms-field-label\" for=\"wpforms-904-field_0\">Nom <span class=\"wpforms-required-label\">*<\/span><\/label><div class=\"wpforms-field-row wpforms-field-medium\"><div class=\"wpforms-field-row-block wpforms-first wpforms-one-half\"><input type=\"text\" id=\"wpforms-904-field_0\" class=\"wpforms-field-name-first wpforms-field-required\" name=\"wpforms[fields][0][first]\" required><label for=\"wpforms-904-field_0\" class=\"wpforms-field-sublabel after \">First<\/label><\/div><div class=\"wpforms-field-row-block wpforms-one-half\"><input type=\"text\" id=\"wpforms-904-field_0-last\" class=\"wpforms-field-name-last wpforms-field-required\" name=\"wpforms[fields][0][last]\" required><label for=\"wpforms-904-field_0-last\" class=\"wpforms-field-sublabel after \">Last<\/label><\/div><\/div><\/div><div id=\"wpforms-904-field_1-container\" class=\"wpforms-field wpforms-field-email\" data-field-id=\"1\"><label class=\"wpforms-field-label\" for=\"wpforms-904-field_1\">Email <span class=\"wpforms-required-label\">*<\/span><\/label><input type=\"email\" id=\"wpforms-904-field_1\" class=\"wpforms-field-medium wpforms-field-required\" name=\"wpforms[fields][1]\" required><\/div><div id=\"wpforms-904-field_8-container\" class=\"wpforms-field wpforms-field-text\" data-field-id=\"8\"><label class=\"wpforms-field-label\" for=\"wpforms-904-field_8\">N\u00b0 T\u00e9l\u00e9phone<\/label><input type=\"text\" id=\"wpforms-904-field_8\" class=\"wpforms-field-medium\" name=\"wpforms[fields][8]\" ><\/div><div id=\"wpforms-904-field_3-container\" class=\"wpforms-field wpforms-field-checkbox\" data-field-id=\"3\"><label class=\"wpforms-field-label\" for=\"wpforms-904-field_3\">Quelle(s) th\u00e9matique(s) souhaitez vous travailler ?<\/label><ul id=\"wpforms-904-field_3\"><li class=\"choice-1 depth-1\"><input type=\"checkbox\" id=\"wpforms-904-field_3_1\" name=\"wpforms[fields][3][]\" value=\"Hygi\u00e8ne s\u00e9curit\u00e9 alimentaire\"  ><label class=\"wpforms-field-label-inline\" for=\"wpforms-904-field_3_1\">Hygi\u00e8ne s\u00e9curit\u00e9 alimentaire<\/label><\/li><li class=\"choice-2 depth-1\"><input type=\"checkbox\" id=\"wpforms-904-field_3_2\" name=\"wpforms[fields][3][]\" value=\"Gestion de production\"  ><label class=\"wpforms-field-label-inline\" for=\"wpforms-904-field_3_2\">Gestion de production<\/label><\/li><li class=\"choice-3 depth-1\"><input type=\"checkbox\" id=\"wpforms-904-field_3_3\" name=\"wpforms[fields][3][]\" value=\"Loi EGalim\"  ><label class=\"wpforms-field-label-inline\" for=\"wpforms-904-field_3_3\">Loi EGalim<\/label><\/li><\/ul><\/div><div id=\"wpforms-904-field_4-container\" class=\"wpforms-field wpforms-field-checkbox\" data-field-id=\"4\"><label class=\"wpforms-field-label\" for=\"wpforms-904-field_4\">Par mois, combien de jour d&#039;accompagnement souhaitez-vous ?<\/label><ul id=\"wpforms-904-field_4\"><li class=\"choice-1 depth-1\"><input type=\"checkbox\" id=\"wpforms-904-field_4_1\" name=\"wpforms[fields][4][]\" value=\"1 journ\u00e9e\"  ><label class=\"wpforms-field-label-inline\" for=\"wpforms-904-field_4_1\">1 journ\u00e9e<\/label><\/li><li class=\"choice-2 depth-1\"><input type=\"checkbox\" id=\"wpforms-904-field_4_2\" name=\"wpforms[fields][4][]\" value=\"2 journ\u00e9es\"  ><label class=\"wpforms-field-label-inline\" for=\"wpforms-904-field_4_2\">2 journ\u00e9es<\/label><\/li><li class=\"choice-3 depth-1\"><input type=\"checkbox\" id=\"wpforms-904-field_4_3\" name=\"wpforms[fields][4][]\" value=\"3 journ\u00e9es\"  ><label class=\"wpforms-field-label-inline\" for=\"wpforms-904-field_4_3\">3 journ\u00e9es<\/label><\/li><li class=\"choice-4 depth-1\"><input type=\"checkbox\" id=\"wpforms-904-field_4_4\" name=\"wpforms[fields][4][]\" value=\"4 journ\u00e9es\"  ><label class=\"wpforms-field-label-inline\" for=\"wpforms-904-field_4_4\">4 journ\u00e9es<\/label><\/li><\/ul><\/div><div id=\"wpforms-904-field_5-container\" class=\"wpforms-field wpforms-field-checkbox\" data-field-id=\"5\"><label class=\"wpforms-field-label\" for=\"wpforms-904-field_5\">Parlez-nous de vous : Vous g\u00e9rez une\/des ...<\/label><ul id=\"wpforms-904-field_5\"><li class=\"choice-1 depth-1\"><input type=\"checkbox\" id=\"wpforms-904-field_5_1\" name=\"wpforms[fields][5][]\" value=\"Cuisine(s) centrale(s)\"  ><label class=\"wpforms-field-label-inline\" for=\"wpforms-904-field_5_1\">Cuisine(s) centrale(s)<\/label><\/li><li class=\"choice-2 depth-1\"><input type=\"checkbox\" id=\"wpforms-904-field_5_2\" name=\"wpforms[fields][5][]\" value=\"Cuisine(s) satellite(s)\"  ><label class=\"wpforms-field-label-inline\" for=\"wpforms-904-field_5_2\">Cuisine(s) satellite(s)<\/label><\/li><li class=\"choice-3 depth-1\"><input type=\"checkbox\" id=\"wpforms-904-field_5_3\" name=\"wpforms[fields][5][]\" value=\"Cuisine(s) autonome(s)\"  ><label class=\"wpforms-field-label-inline\" for=\"wpforms-904-field_5_3\">Cuisine(s) autonome(s)<\/label><\/li><\/ul><\/div><div id=\"wpforms-904-field_6-container\" class=\"wpforms-field wpforms-field-text\" data-field-id=\"6\"><label class=\"wpforms-field-label\" for=\"wpforms-904-field_6\">Autre, pr\u00e9cisez <\/label><input type=\"text\" id=\"wpforms-904-field_6\" class=\"wpforms-field-medium\" name=\"wpforms[fields][6]\" ><\/div><div id=\"wpforms-904-field_2-container\" class=\"wpforms-field wpforms-field-textarea\" data-field-id=\"2\"><label class=\"wpforms-field-label\" for=\"wpforms-904-field_2\">D\u00e9crivez-les probl\u00e9matiques rencontr\u00e9es <span class=\"wpforms-required-label\">*<\/span><\/label><textarea id=\"wpforms-904-field_2\" class=\"wpforms-field-medium wpforms-field-required\" name=\"wpforms[fields][2]\" required><\/textarea><\/div><\/div><div class=\"wpforms-submit-container\"><input type=\"hidden\" name=\"wpforms[id]\" value=\"904\"><input type=\"hidden\" name=\"wpforms[author]\" value=\"1\"><button type=\"submit\" name=\"wpforms[submit]\" id=\"wpforms-submit-904\" class=\"wpforms-submit\" data-alt-text=\"En cours d&#039;envoi...\" data-submit-text=\"Envoyer ma demande\" aria-live=\"assertive\" value=\"wpforms-submit\">Envoyer ma demande<\/button><img loading=\"lazy\" decoding=\"async\" src=\"https:\/\/cfrestauration.com\/wp-content\/plugins\/wpforms-lite\/assets\/images\/submit-spin.svg\" class=\"wpforms-submit-spinner\" style=\"display: none;\" width=\"26\" height=\"26\" alt=\"Loading\"><\/div><\/form><\/div>  <!-- .wpforms-container -->            <\/div>\n\t\t<\/div>\n\t\t\t\t<\/div>\n\t\t\t\t\t<\/div>\n\t\t<\/div>\n\t\t\t\t\t\t\t<\/div>\n\t\t<\/section>\n\t\t\t\t\t\t\t<\/div>\n\t\t","protected":false},"excerpt":{"rendered":"<p>votre demande la meilleure solution pour vos objectifs Veuillez activer JavaScript dans votre navigateur pour remplir ce formulaire.Nom *Pr\u00e9nomNomEmail *N\u00b0 T\u00e9l\u00e9phoneQuelle(s) th\u00e9matique(s) souhaitez vous travailler ? Hygi\u00e8ne s\u00e9curit\u00e9 alimentaire Gestion [&hellip;]<\/p>\n","protected":false},"author":1,"featured_media":0,"parent":0,"menu_order":0,"comment_status":"closed","ping_status":"closed","template":"","meta":{"om_disable_all_campaigns":false,"_monsterinsights_skip_tracking":false,"_monsterinsights_sitenote_active":false,"_monsterinsights_sitenote_note":"","_monsterinsights_sitenote_category":0,"footnotes":""},"class_list":["post-907","page","type-page","status-publish","hentry","entry","owp-thumbs-layout-horizontal","owp-btn-normal","owp-tabs-layout-horizontal","has-no-thumbnails","has-product-nav"],"aioseo_notices":[],"_links":{"self":[{"href":"https:\/\/cfrestauration.com\/index.php\/wp-json\/wp\/v2\/pages\/907","targetHints":{"allow":["GET"]}}],"collection":[{"href":"https:\/\/cfrestauration.com\/index.php\/wp-json\/wp\/v2\/pages"}],"about":[{"href":"https:\/\/cfrestauration.com\/index.php\/wp-json\/wp\/v2\/types\/page"}],"author":[{"embeddable":true,"href":"https:\/\/cfrestauration.com\/index.php\/wp-json\/wp\/v2\/users\/1"}],"replies":[{"embeddable":true,"href":"https:\/\/cfrestauration.com\/index.php\/wp-json\/wp\/v2\/comments?post=907"}],"version-history":[{"count":4,"href":"https:\/\/cfrestauration.com\/index.php\/wp-json\/wp\/v2\/pages\/907\/revisions"}],"predecessor-version":[{"id":911,"href":"https:\/\/cfrestauration.com\/index.php\/wp-json\/wp\/v2\/pages\/907\/revisions\/911"}],"wp:attachment":[{"href":"https:\/\/cfrestauration.com\/index.php\/wp-json\/wp\/v2\/media?parent=907"}],"curies":[{"name":"wp","href":"https:\/\/api.w.org\/{rel}","templated":true}]}}